{"id":2,"date":"2020-03-30T19:07:11","date_gmt":"2020-03-30T19:07:11","guid":{"rendered":"https:\/\/wp.agenda21-bassum.de\/?page_id=2"},"modified":"2020-04-02T15:17:49","modified_gmt":"2020-04-02T15:17:49","slug":"hintergrund-der-agenda21","status":"publish","type":"page","link":"https:\/\/www.agenda21-bassum.de\/?page_id=2","title":{"rendered":"Hintergrund der Agenda21"},"content":{"rendered":"\n<p>Die Agenda21 ist ein Aktionsprogramm der Vereinten Nationen, welches von 179 Staaten unterzeichnet wurde. \n<\/p>\n\n\n\n<p>1992 trafen sich auf dieser <a href=\"http:\/\/www.nachhaltigkeit.info\/artikel\/weltgipfel_rio_de_janeiro_1992_539.htm\">UN-Konferenz f\u00fcr Umwelt und Entwicklung in Rio de Janeiro<\/a>\n Vertreterinnen und Vertreter aus 179 L\u00e4ndern, die mit ihrer \nUnterschrift f\u00fcnf wichtige Vereinbarungen f\u00fcr eine globale Umwelt- und \nEntwicklungspartnerschaft, darunter die Agenda 21, verabschiedeten. Sie \ngilt seither als Meilenstein f\u00fcr die Bestrebungen der Integration von \nUmweltfragen&nbsp; und Entwicklungsbereiche, die in einem globalen Kontext \ndiskutiert werden.\n<\/p>\n\n\n\n<p>Dieser Erdgipfel setzte neue Ma\u00dfst\u00e4be, was die \nBeteiligung zivilgesellschaftlicher Organisationen an internationalen \nProzessen anging. \n<\/p>\n\n\n\n<p>Im folgenden Prozess der Rio-Konferenz wurde die \nKommission f\u00fcr Nachhaltige Entwicklung (Commission on Sustainable \nDevelopment, CSD) gegr\u00fcndet, sie \u00fcberwacht den Umsetzungsprozess.\n<\/p>\n\n\n\n<p>Die Nachfolgekonferenzen fanden 1997 in Rio+5, in New York und 2002 der Weltgipfel in Johannisburg statt.\n<\/p>\n\n\n\n<p>In Kapitel 28 dem Leitpapier zur nachhaltigen Entwicklung, sind alle Kommunen aufgefordert, ein lokales Aktionsprogramm, eine <strong>Lokale Agenda21<\/strong>,\n f\u00fcr die nachhaltige Entwicklung vor Ort zu erarbeiten. Dieses soll \ndurch einen gleichberechtigten Dialog zwischen allen \u00f6rtlichen \nInteressengruppen, Verb\u00e4nden, Institutionen, lokaler Wirtschaft, \nB\u00fcrgerinnen und B\u00fcrger sowie Politik und Verwaltung geschehen. Die \ntragenden S\u00e4ulen sind die Bereiche der Wirtschaft, der \u00d6kologie, sowie \nder soziale Bereich. \n<\/p>\n\n\n\n<p>Im Bereich der <strong>Wirtschaft<\/strong> sind es ein \nverantwortungsvolles Umweltmanagement, die Abfall- und \nEmissionsvermeidung, effiziente Energie- und Rohstoffnutzung und die \nVermeidung unn\u00fctzer Transportwege.\n<\/p>\n\n\n\n<p>Im Bereich der <strong>\u00d6kologie<\/strong> ist es die Erhaltung einer Artenvielfalt, der Klimaschutz und \u00f6kologische Risiken sind zu vermeiden.\n<\/p>\n\n\n\n<p>Im <strong>sozialen <\/strong>Bereich soll eine gerechtere \nVerteilung des gesellschaftlichen Reichtums erreicht werden. Der \nWelthandel mit &#8220;fair&#8221; gehandelten Produkten ist zu unterst\u00fctzen. Die \nkommunale Entwicklungszusammenarbeit, keine Ausgrenzung von \nMinderheiten, eine Existenzsicherung, sowie Chancengleichheit in Beruf, \nBildung und Selbstverwirklichung sind dort fest geschrieben.\n<\/p>\n\n\n\n<p><strong>Agenda21 in Bassum<\/strong>\n<\/p>\n\n\n\n<p>Seit 1998 engagieren sich in Bassum und auch in vielen anderen St\u00e4dten B\u00fcrgerinnen und B\u00fcrger in der Lokalen Agenda21. \n<\/p>\n\n\n\n<p><a href=\"http:\/\/de.wikipedia.org\/wiki\/Agenda_21\" target=\"_blank\" rel=\"noreferrer noopener\">de.Wikipedia.org\/wiki\/Agenda_21<\/a>\n<\/p>\n\n\n\n<p><a href=\"http:\/\/un-kampagne.de\/\" target=\"_blank\" rel=\"noreferrer noopener\">Millenium-Entwicklungsziele<\/a><\/p>\n\n\n\n<p><\/p>\n","protected":false},"excerpt":{"rendered":"<p>Die Agenda21 ist ein Aktionsprogramm der Vereinten Nationen, welches von 179 Staaten unterzeichnet wurde. 1992 trafen sich auf dieser UN-Konferenz f\u00fcr Umwelt und Entwicklung in&#8230;<\/p>\n<div class=\"more-link-wrapper\"><a class=\"more-link\" href=\"https:\/\/www.agenda21-bassum.de\/?page_id=2\">Weiterlesen<span class=\"screen-reader-text\">Hintergrund der Agenda21<\/span><\/a><\/div>\n","protected":false},"author":1,"featured_media":0,"parent":0,"menu_order":0,"comment_status":"closed","ping_status":"closed","template":"","meta":{"_acf_changed":false,"footnotes":""},"class_list":["post-2","page","type-page","status-publish","hentry","entry"],"acf":[],"_links":{"self":[{"href":"https:\/\/www.agenda21-bassum.de\/index.php?rest_route=\/wp\/v2\/pages\/2","targetHints":{"allow":["GET"]}}],"collection":[{"href":"https:\/\/www.agenda21-bassum.de\/index.php?rest_route=\/wp\/v2\/pages"}],"about":[{"href":"https:\/\/www.agenda21-bassum.de\/index.php?rest_route=\/wp\/v2\/types\/page"}],"author":[{"embeddable":true,"href":"https:\/\/www.agenda21-bassum.de\/index.php?rest_route=\/wp\/v2\/users\/1"}],"replies":[{"embeddable":true,"href":"https:\/\/www.agenda21-bassum.de\/index.php?rest_route=%2Fwp%2Fv2%2Fcomments&post=2"}],"version-history":[{"count":1,"href":"https:\/\/www.agenda21-bassum.de\/index.php?rest_route=\/wp\/v2\/pages\/2\/revisions"}],"predecessor-version":[{"id":12,"href":"https:\/\/www.agenda21-bassum.de\/index.php?rest_route=\/wp\/v2\/pages\/2\/revisions\/12"}],"wp:attachment":[{"href":"https:\/\/www.agenda21-bassum.de\/index.php?rest_route=%2Fwp%2Fv2%2Fmedia&parent=2"}],"curies":[{"name":"wp","href":"https:\/\/api.w.org\/{rel}","templated":true}]}}