{"id":27,"date":"2020-04-02T16:05:10","date_gmt":"2020-04-02T16:05:10","guid":{"rendered":"https:\/\/wp.agenda21-bassum.de\/?page_id=27"},"modified":"2020-04-02T16:05:10","modified_gmt":"2020-04-02T16:05:10","slug":"lenkungsgruppe","status":"publish","type":"page","link":"https:\/\/www.agenda21-bassum.de\/?page_id=27","title":{"rendered":"Lenkungsgruppe"},"content":{"rendered":"\n<p>Die Kommunikation der Agenda21 mit der Politik und der Verwaltung der Stadt Bassum wird \u00fcber die Einrichtung einer Lenkungsgruppe gew\u00e4hrleistet. Diese tagt zweimal im Jahr. \u00dcber die Arbeit der Agenda21 wird regelm\u00e4\u00dfig berichtet. Aktuelle Themen und Fragen der Nachhaltigkeit werden dabei ausgetauscht.<\/p>\n\n\n\n<p><strong>Zusammensetzung der Lenkungsgruppe:<\/strong> je<\/p>\n\n\n\n<ul class=\"wp-block-list\"><li>1 Person aus den jeweiligen Fraktionen<\/li><li>Agenda21- Arbeitsgruppensprecherinnen und Sprecher<\/li><li>2 Personen aus der Verwaltung<\/li><li>die Agenda21- Beauftragte<\/li><li>die Agenda21- B\u00fcrokraft<\/li><\/ul>\n","protected":false},"excerpt":{"rendered":"<p>Die Kommunikation der Agenda21 mit der Politik und der Verwaltung der Stadt Bassum wird \u00fcber die Einrichtung einer Lenkungsgruppe gew\u00e4hrleistet. Diese tagt zweimal im Jahr.&#8230;<\/p>\n<div class=\"more-link-wrapper\"><a class=\"more-link\" href=\"https:\/\/www.agenda21-bassum.de\/?page_id=27\">Weiterlesen<span class=\"screen-reader-text\">Lenkungsgruppe<\/span><\/a><\/div>\n","protected":false},"author":1,"featured_media":28,"parent":0,"menu_order":0,"comment_status":"closed","ping_status":"closed","template":"","meta":{"_acf_changed":false,"footnotes":""},"class_list":["post-27","page","type-page","status-publish","has-post-thumbnail","hentry","entry"],"acf":[],"_links":{"self":[{"href":"https:\/\/www.agenda21-bassum.de\/index.php?rest_route=\/wp\/v2\/pages\/27","targetHints":{"allow":["GET"]}}],"collection":[{"href":"https:\/\/www.agenda21-bassum.de\/index.php?rest_route=\/wp\/v2\/pages"}],"about":[{"href":"https:\/\/www.agenda21-bassum.de\/index.php?rest_route=\/wp\/v2\/types\/page"}],"author":[{"embeddable":true,"href":"https:\/\/www.agenda21-bassum.de\/index.php?rest_route=\/wp\/v2\/users\/1"}],"replies":[{"embeddable":true,"href":"https:\/\/www.agenda21-bassum.de\/index.php?rest_route=%2Fwp%2Fv2%2Fcomments&post=27"}],"version-history":[{"count":1,"href":"https:\/\/www.agenda21-bassum.de\/index.php?rest_route=\/wp\/v2\/pages\/27\/revisions"}],"predecessor-version":[{"id":29,"href":"https:\/\/www.agenda21-bassum.de\/index.php?rest_route=\/wp\/v2\/pages\/27\/revisions\/29"}],"wp:featuredmedia":[{"embeddable":true,"href":"https:\/\/www.agenda21-bassum.de\/index.php?rest_route=\/wp\/v2\/media\/28"}],"wp:attachment":[{"href":"https:\/\/www.agenda21-bassum.de\/index.php?rest_route=%2Fwp%2Fv2%2Fmedia&parent=27"}],"curies":[{"name":"wp","href":"https:\/\/api.w.org\/{rel}","templated":true}]}}