{"id":35,"date":"2020-04-02T16:18:28","date_gmt":"2020-04-02T16:18:28","guid":{"rendered":"https:\/\/wp.agenda21-bassum.de\/?page_id=35"},"modified":"2020-04-02T16:18:28","modified_gmt":"2020-04-02T16:18:28","slug":"mitmachen","status":"publish","type":"page","link":"https:\/\/www.agenda21-bassum.de\/?page_id=35","title":{"rendered":"Mitmachen"},"content":{"rendered":"\n<p>Jeder kann sich in der Agenda21 f\u00fcr die Gemeinschaft engagieren, ohne hierf\u00fcr in einen Verein eintreten zu m\u00fcssen. Entsprechend offen ist auch das Engagement. Der B\u00fcrgermeister, der Rat und die Stadtverwaltung der Stadt Bassum unterst\u00fctzen die Arbeit der Agenda21 ausdr\u00fccklich. Jeder kann nach seinen Interessen mitwirken. Das Agenda21-B\u00fcro im Rathaus informiert und ber\u00e4t gern. Interessierte Privatpersonen, Kinder-und Jugendliche, auch Migrantinnen und Migranten sind herzlich willkommen, sich am Agenda21-Prozess zu beteiligen.<\/p>\n\n\n\n<p><strong>Reinhild Olma<\/strong><br>Telefon: 0 42 06 &#8211; 99 50<br>Mobill: 01 56 &#8211; 78 56 47 13<\/p>\n\n\n\n<h1 class=\"wp-block-heading\">Meine Idee<\/h1>\n\n\n\n<p>Haben Sie gute Ideen? Schreiben Sie uns gerne spontan.<\/p>\n\n\n\n<p><a href=\"javascript:linkTo_UnCryptMailto('nbjmup+bhfoeb32Atubeu\/cbttvn\/ef');\">Eine E-Mail an uns senden<\/a><\/p>\n\n\n\n<h1 class=\"wp-block-heading\">Weitere Tipps zum Aktiv werden<\/h1>\n\n\n\n<p><a href=\"http:\/\/www.deine-stimme-gegen-armut.de\/\" target=\"_blank\" rel=\"noreferrer noopener\">www.deine-stimme-gegen-armut.de<\/a><\/p>\n\n\n\n<p><a href=\"http:\/\/www.transfair.org\/\" target=\"_blank\" rel=\"noreferrer noopener\">www.transfair.org<\/a><\/p>\n\n\n\n<p><a href=\"http:\/\/www.fairflowers.de\/\" target=\"_blank\" rel=\"noreferrer noopener\">www.fairflowers.de<\/a><\/p>\n\n\n\n<p><a href=\"http:\/\/www.owko-fair.de\" target=\"_blank\" rel=\"noreferrer noopener\">www.owko-fair.de<\/a><\/p>\n\n\n\n<p><a href=\"http:\/\/www.tdr-uds.de\" target=\"_blank\" rel=\"noreferrer noopener\">www.tdr-nds.de<\/a>&nbsp;Tag der Regionen (Niedersachsen\/Bremen)<\/p>\n\n\n\n<p><a href=\"http:\/\/www.tag-der-regionen.de\" target=\"_blank\" rel=\"noreferrer noopener\">www.tag-der-regionen.de<\/a>&nbsp;(Bundesweit)<\/p>\n\n\n\n<p><a href=\"http:\/\/www.dialog-nachhaltigkeit.de\" target=\"_blank\" rel=\"noreferrer noopener\">www.dialog-nachhaltigkeit.de<\/a>&nbsp;<\/p>\n","protected":false},"excerpt":{"rendered":"<p>Jeder kann sich in der Agenda21 f\u00fcr die Gemeinschaft engagieren, ohne hierf\u00fcr in einen Verein eintreten zu m\u00fcssen. Entsprechend offen ist auch das Engagement. Der&#8230;<\/p>\n<div class=\"more-link-wrapper\"><a class=\"more-link\" href=\"https:\/\/www.agenda21-bassum.de\/?page_id=35\">Weiterlesen<span class=\"screen-reader-text\">Mitmachen<\/span><\/a><\/div>\n","protected":false},"author":1,"featured_media":36,"parent":0,"menu_order":0,"comment_status":"closed","ping_status":"closed","template":"","meta":{"_acf_changed":false,"footnotes":""},"class_list":["post-35","page","type-page","status-publish","has-post-thumbnail","hentry","entry"],"acf":[],"_links":{"self":[{"href":"https:\/\/www.agenda21-bassum.de\/index.php?rest_route=\/wp\/v2\/pages\/35","targetHints":{"allow":["GET"]}}],"collection":[{"href":"https:\/\/www.agenda21-bassum.de\/index.php?rest_route=\/wp\/v2\/pages"}],"about":[{"href":"https:\/\/www.agenda21-bassum.de\/index.php?rest_route=\/wp\/v2\/types\/page"}],"author":[{"embeddable":true,"href":"https:\/\/www.agenda21-bassum.de\/index.php?rest_route=\/wp\/v2\/users\/1"}],"replies":[{"embeddable":true,"href":"https:\/\/www.agenda21-bassum.de\/index.php?rest_route=%2Fwp%2Fv2%2Fcomments&post=35"}],"version-history":[{"count":1,"href":"https:\/\/www.agenda21-bassum.de\/index.php?rest_route=\/wp\/v2\/pages\/35\/revisions"}],"predecessor-version":[{"id":37,"href":"https:\/\/www.agenda21-bassum.de\/index.php?rest_route=\/wp\/v2\/pages\/35\/revisions\/37"}],"wp:featuredmedia":[{"embeddable":true,"href":"https:\/\/www.agenda21-bassum.de\/index.php?rest_route=\/wp\/v2\/media\/36"}],"wp:attachment":[{"href":"https:\/\/www.agenda21-bassum.de\/index.php?rest_route=%2Fwp%2Fv2%2Fmedia&parent=35"}],"curies":[{"name":"wp","href":"https:\/\/api.w.org\/{rel}","templated":true}]}}