{"id":41,"date":"2020-04-02T17:44:21","date_gmt":"2020-04-02T17:44:21","guid":{"rendered":"https:\/\/wp.agenda21-bassum.de\/?page_id=41"},"modified":"2020-04-02T18:32:21","modified_gmt":"2020-04-02T18:32:21","slug":"ueber-die-agenda21-bassum","status":"publish","type":"page","link":"https:\/\/www.agenda21-bassum.de\/?page_id=41","title":{"rendered":"\u00dcber die Agenda21-Bassum"},"content":{"rendered":"\n<figure class=\"wp-block-image size-large\"><img fetchpriority=\"high\" decoding=\"async\" width=\"800\" height=\"418\" src=\"https:\/\/wp.agenda21-bassum.de\/wp-content\/uploads\/2020\/04\/agenda-team-IMG_0376.jpg\" alt=\"\" class=\"wp-image-42\" srcset=\"https:\/\/www.agenda21-bassum.de\/wp-content\/uploads\/2020\/04\/agenda-team-IMG_0376.jpg 800w, https:\/\/www.agenda21-bassum.de\/wp-content\/uploads\/2020\/04\/agenda-team-IMG_0376-300x157.jpg 300w, https:\/\/www.agenda21-bassum.de\/wp-content\/uploads\/2020\/04\/agenda-team-IMG_0376-768x401.jpg 768w\" sizes=\"(max-width: 800px) 100vw, 800px\" \/><figcaption>Agenda21-Team von Links: Erika Bode, Detlev Block, Anni W\u00f6hler-Pajenkamp und Reinhild Olma<\/figcaption><\/figure>\n\n\n\n<p>Die Agenda21 ist eine B\u00fcrgerbewegung. Auch in Bassum k\u00f6nnen B\u00fcrgerinnen und B\u00fcrger in der Stadt Dinge anregen, umsetzen oder ver\u00e4ndern. Dabei spielen Umweltschutz, sozialer Zusammenhalt aber auch wirtschaftliches Interesse eine wichtige Rolle. Vor allem jedoch sollen die Projekte der B\u00fcrgerinnen und B\u00fcrger von Nachhaltigkeit gepr\u00e4gt sein.<\/p>\n\n\n\n<p>Jeder kann sich in der Agenda21&nbsp;f\u00fcr die Gemeinschaft engagieren. Der B\u00fcrgermeister, der Rat und die Stadtverwaltung der Stadt Bassum unterst\u00fctzen die Arbeit der Agenda21 ausdr\u00fccklich. Sie wird als ein wichtiges Element der B\u00fcrgerbeteiligung angesehen. Die Stadt Bassum unterst\u00fctzt die Agenda21 finanziell und mit einem eigenen B\u00fcro.<\/p>\n","protected":false},"excerpt":{"rendered":"<p>Die Agenda21 ist eine B\u00fcrgerbewegung. Auch in Bassum k\u00f6nnen B\u00fcrgerinnen und B\u00fcrger in der Stadt Dinge anregen, umsetzen oder ver\u00e4ndern. Dabei spielen Umweltschutz, sozialer Zusammenhalt&#8230;<\/p>\n<div class=\"more-link-wrapper\"><a class=\"more-link\" href=\"https:\/\/www.agenda21-bassum.de\/?page_id=41\">Weiterlesen<span class=\"screen-reader-text\">\u00dcber die Agenda21-Bassum<\/span><\/a><\/div>\n","protected":false},"author":1,"featured_media":0,"parent":0,"menu_order":0,"comment_status":"closed","ping_status":"closed","template":"","meta":{"_acf_changed":false,"footnotes":""},"class_list":["post-41","page","type-page","status-publish","hentry","entry"],"acf":[],"_links":{"self":[{"href":"https:\/\/www.agenda21-bassum.de\/index.php?rest_route=\/wp\/v2\/pages\/41","targetHints":{"allow":["GET"]}}],"collection":[{"href":"https:\/\/www.agenda21-bassum.de\/index.php?rest_route=\/wp\/v2\/pages"}],"about":[{"href":"https:\/\/www.agenda21-bassum.de\/index.php?rest_route=\/wp\/v2\/types\/page"}],"author":[{"embeddable":true,"href":"https:\/\/www.agenda21-bassum.de\/index.php?rest_route=\/wp\/v2\/users\/1"}],"replies":[{"embeddable":true,"href":"https:\/\/www.agenda21-bassum.de\/index.php?rest_route=%2Fwp%2Fv2%2Fcomments&post=41"}],"version-history":[{"count":1,"href":"https:\/\/www.agenda21-bassum.de\/index.php?rest_route=\/wp\/v2\/pages\/41\/revisions"}],"predecessor-version":[{"id":43,"href":"https:\/\/www.agenda21-bassum.de\/index.php?rest_route=\/wp\/v2\/pages\/41\/revisions\/43"}],"wp:attachment":[{"href":"https:\/\/www.agenda21-bassum.de\/index.php?rest_route=%2Fwp%2Fv2%2Fmedia&parent=41"}],"curies":[{"name":"wp","href":"https:\/\/api.w.org\/{rel}","templated":true}]}}